{"id":303,"date":"2005-10-28T09:04:30","date_gmt":"2005-10-28T08:04:30","guid":{"rendered":"http:\/\/www.lubica.net\/bigwhale\/blog\/?page_id=303"},"modified":"2009-10-17T11:26:35","modified_gmt":"2009-10-17T10:26:35","slug":"kdo-je-kit","status":"publish","type":"page","link":"https:\/\/lubica.net\/bigwhale\/blog\/kdo-je-kit\/","title":{"rendered":"Kdo je Kit?"},"content":{"rendered":"<p><a href=\"http:\/\/en.wikipedia.org\/wiki\/Sperm_whale\">Kit<\/a>, na na\u0161i &#8216;sceni&#8217; znan kot BigWhale.<\/p>\n<p>Big? Vsak, ki me pozna, se najbr\u017e \u0161e danes spra\u0161uje od kje ta predpona. Tudi jaz se. \u010ce citiram Sergia, &#8216;No, pri\u010dakoval sem, da bo\u0161 mal ve\u010dji&#8230;&#8217; . Hecna stvar, \u010de citiram \u0161e enega znanca, kleni srb iz Beograda, &#8216;Pizda mu materina, gdje je ova Velika Kita, kad je treba\u0161?&#8217;.<\/p>\n<p>Moj fact sheet bi vseboval naslednje podatke:<\/p>\n<ul>\n<li>Rojen: 23.01.1977 v Ljubljani<\/li>\n<li>Trenutna starost: 28+1+1+1+1 let ((Tale ocena je zgolj pribli\u017ena, povsem mo\u017eno, da je preteklo \u017ee kar nekaj \u010dasa od kar sem tole stran popravljal))<\/li>\n<li>Socialni status: zaposlen pri <a href=\"http:\/\/www.3line.si\">3Line<\/a> d.o. o.<\/li>\n<li>\u017divljenski status: poro\u010den z <a href=\"http:\/\/www.lubica.net\/gaby\/blog\/\">Gaby<\/a><\/li>\n<li>\u0160tevilo otrok: 2<\/li>\n<li>\u0160tevilka noge: varira med 40-42, precej nenavadno<\/li>\n<li>Politi\u010dna usmerjenost: neusmerjen, \u0161e nikoli bil na volitvah<\/li>\n<li>Poklic: uradni naziv je Elektrikar Telekomunikacij<\/li>\n<li>Delo, ki ga opravljam: trenutno programiranje, vodenje projektov in dekli\u0161tvo za vse<\/li>\n<li>Hobiji: vzgajanje otrok<\/li>\n<li>Hobiji, ne dol\u017enosti: aja, geek sem, a je to hoby? To je \u017ee skoraj poslanstvo.<\/li>\n<li>Tip geeka: computer geek, postajam pa \u0161e biology geek, posledice \u017eivljenske naveze z Gaby<\/li>\n<li>Ok, zdaj pa res, hobiji: rolanje, sci-fi? A to, bo ok? ((nazadnje sem ugotavljal, da je moj hobi v bistvu slu\u017eba&#8230;))<\/li>\n<\/ul>\n<p>Pisanje, kdo sem, je precej nadle\u017ena zadeva (\u0161e posebaj, \u010de ima\u0161 slovensko tipkovnico in trikrat napi\u0161e\u0161 yadeva&#8230;), pisanje o samemu sebi, takole z nekim namenom (globjim, eh?) je pa sploh naporno. No, glede na to, da nisem ravno velik, po nekih fizi\u010dnih proporcih, je edina (pre)velika stvar na meni kak T-shirt (T-Majica, bizarno&#8230;) in pa moj ego. S tem, da se precej rad hvalim, da sem ga ukrotil. Osedlam in spustim na plano, ga samo takrat, ko je to res potrebno. Krizne situacije, takrat stvar dejansko pomaga.<\/p>\n<p>Geek sem. Ja, to je poslanstvo. Egotrip: geeki re\u0161ujejo svet, geeki gonijo svet naprej, brez geekov bi se svet ustavil. No, v nekem prene\u0161enem smislu. Ve\u010dino prostega \u010dasa, kolikor mi ga je \u0161e ostalo pre\u017edim nekje v bli\u017eini kak\u0161ne elektronske naprave, ki je vsaj po neki daljno sorodstveni vezi vsaj malo podobna ra\u010dunalniku.<\/p>\n<p>Ljubljan\u010dan sem. \u017divim pa v Mariboru Slovenski Bistrici. Selil sem se \u017ee tolikokrat, da me cigani hodijo spra\u0161evat za nasvete pri selitvah. Cel postopek je tako optimiziran, da se preselim v pol dneva, \u010de je potrebno. Zadnji\u010d sem zasledil v enem spam \u010dasopisu, \u010dlanek o ljubljan\u010danih, ki \u017eivijo v Mariboru. Front page article. Ni me bilo na sliki, u\u017ealjeno, ga nisem prebral. \u0160tiri leta ((Pred selitvijo v Sl. Bistrico, jih je bilo \u0161est let)) v Mariboru, pogre\u0161anje Ljubljane zmerno. Tam sem pustil vse znance in kolege, ki so potem postali manj znani in manj kolegialni. Najbr\u017e me imajo za izdajalca. \ud83d\ude1b Kdo ve. Po pravici povedano, sem bil na\u017ert Ljubljane, narejenega snobizma in podbnih traparij. Pa ne, da je tukaj dosti bolje, ampak poznam precej manj ljudi in precej manj hodim naokrog.<\/p>\n<p>Bi moral napisati \u0161e kaj o svojem otro\u0161tvu? Zadr\u017ean, ponavadi nekje v ozadju, precej ne\u0161porten otrok (na o\u010detovo \u017ealost), geek sem bil \u017ee takrat. Namesto da bi \u0161el na kon\u010dni izlet v osmem razredu sem ostal doma.  Po kon\u010dani osnovni \u0161oli, se nisem udele\u017eil valete. No, na proslavi sem bil, moja razredni\u010darka (lu\u0161na mlada u\u010diteljica, pardon, takrat \u0161e tovari\u0161ica, katere ime sem pozabil, mogo\u010de je bila \u0160pela) me je dan pred proslavo \u0161e opozorila, da naj nikar ne pridem v kavbojkah na proslavo.  Po proslavi sem pa skliznil domov. Ravno sem dobil nov paket disket po po\u0161ti, polno programov in iger. Ni bilo \u010dasa iti v disko.<\/p>\n<p>Outsider, totalni. Zadnjih nekaj let osnovne \u0161ole sem bil sploh \u010duden, nisem imel najbolj\u0161ega prijatelja. V srednji \u0161oli sploh ne. V srednji \u0161oli sem bil samo ob praznikih, takrat, ko mi je slu\u010dajno bilo, da bi \u0161el v \u0161olo. Pa na prakso sem hodil. Tri leta so hitro minila, potem sem eno leto malo bluzil doma in kasneje z osemnajstimi leti \u0161el v slu\u017ebo. Ra\u010dunalnike \u0161raufat&#8230;.<\/p>\n<p>&#8230; to be continued&#8230;<\/p>\n","protected":false},"excerpt":{"rendered":"<p>Kit, na na\u0161i &#8216;sceni&#8217; znan kot BigWhale. Big? Vsak, ki me pozna, se najbr\u017e \u0161e danes spra\u0161uje od kje ta predpona. Tudi jaz se. \u010ce citiram Sergia, &#8216;No, pri\u010dakoval sem, da bo\u0161 mal ve\u010dji&#8230;&#8217; . Hecna stvar, \u010de citiram \u0161e enega znanca, kleni srb iz Beograda, &#8216;Pizda mu materina, gdje je ova Velika Kita, kad je treba\u0161?&#8217;. Moj fact sheet bi vseboval naslednje podatke: Rojen: 23.01.1977 v Ljubljani Trenutna starost: 28+1+1+1+1 let ((Tale ocena je zgolj pribli\u017ena, povsem mo\u017eno, da&#8230;<\/p>\n<p class=\"read-more\"><a class=\"btn btn-default\" href=\"https:\/\/lubica.net\/bigwhale\/blog\/kdo-je-kit\/\"> Read More<span class=\"screen-reader-text\">  Read More<\/span><\/a><\/p>\n","protected":false},"author":2,"featured_media":0,"parent":0,"menu_order":0,"comment_status":"open","ping_status":"closed","template":"","meta":{"footnotes":""},"class_list":["post-303","page","type-page","status-publish","hentry"],"_links":{"self":[{"href":"https:\/\/lubica.net\/bigwhale\/blog\/wp-json\/wp\/v2\/pages\/303","targetHints":{"allow":["GET"]}}],"collection":[{"href":"https:\/\/lubica.net\/bigwhale\/blog\/wp-json\/wp\/v2\/pages"}],"about":[{"href":"https:\/\/lubica.net\/bigwhale\/blog\/wp-json\/wp\/v2\/types\/page"}],"author":[{"embeddable":true,"href":"https:\/\/lubica.net\/bigwhale\/blog\/wp-json\/wp\/v2\/users\/2"}],"replies":[{"embeddable":true,"href":"https:\/\/lubica.net\/bigwhale\/blog\/wp-json\/wp\/v2\/comments?post=303"}],"version-history":[{"count":3,"href":"https:\/\/lubica.net\/bigwhale\/blog\/wp-json\/wp\/v2\/pages\/303\/revisions"}],"predecessor-version":[{"id":2225,"href":"https:\/\/lubica.net\/bigwhale\/blog\/wp-json\/wp\/v2\/pages\/303\/revisions\/2225"}],"wp:attachment":[{"href":"https:\/\/lubica.net\/bigwhale\/blog\/wp-json\/wp\/v2\/media?parent=303"}],"curies":[{"name":"wp","href":"https:\/\/api.w.org\/{rel}","templated":true}]}}