{"id":336,"date":"2005-12-03T20:28:59","date_gmt":"2005-12-03T19:28:59","guid":{"rendered":"http:\/\/www.lubica.net\/bigwhale\/blog\/?page_id=336"},"modified":"2008-12-06T22:29:57","modified_gmt":"2008-12-06T21:29:57","slug":"sovrazim-okna","status":"publish","type":"page","link":"https:\/\/lubica.net\/bigwhale\/blog\/sovrazim-okna\/","title":{"rendered":"Sovra\u017eim Okna"},"content":{"rendered":"<p>Tukajle, na tem mestu, bom izpovedal svoje &#8216;sovra\u0161tvo&#8217;.<\/p>\n<p>V bistvu to ni neko globoko vkoreninjeno sovra\u0161tvo. Sploh ne vem. \u010de je v resnici sovra\u0161tvo, besedo sem uporabil predvsem zaradi dramati\u010dnosti. V\u010dasih je to potrebno, zgolj zaradi tega, da te ljudje opazijo. Stvar je treba potencirati, druga\u010de gre mimo neopa\u017eena. Pribli\u017eno tako, kot so naslovi v \u010dasopisih napisani z ve\u010djimi \u010drkami. PRECEJ ve\u010djimi. \u010clankov ne bi nih\u010de bral, \u010de ne bi imeli naslovov. \ud83d\ude09<\/p>\n<p>Torej, kje je klju\u010d mojega nezadovoljstva z derivati zgoraj omenjenega produkta, torej operacijskega sistema.<\/p>\n<p>Od za\u010detka. Za\u010del sem z Mavrico. Moja je bila spakirana v \u017ee kar solidnem ohi\u0161ju s pravimi tipkami. \ud83d\ude42 Nekaj programiranja, nekaj igra\u010dkanja. \u010cez kako leto ali dve sem \u0161ele priplezal na &#8216;osebni ra\u010dunalnik&#8217;, torej PC.<\/p>\n<p>Bom malo presko\u010dil. Windows sem za\u010del uporabljati leta 1990. Ob izidu verzije 3.0. Videl sem pa tudi delujo\u010do verzijo 2.nekaj. Pri o\u010detu nekega kolega od mojega brata. \ud83d\ude42 Z Linuxom sem se prvi\u010d sre\u010dal tam nekje med letoma 1993 in 1994. Ne vem natan\u010dno. Od tistega trenutka delam z obema sistemoma. Enkrat ve\u010d z enim, drugi\u010d ve\u010d z drugim. Z razvojem programske opreme sem za\u010del \u017ee na Mavrici. Programiral sem tako za MS-DOS, kot za Win in potem kasneje \u0161e za Linux. Takole, \u010dez palec, ve\u010d kot deset let izku\u0161enj z obema sistemoma. S to razliko, da sem si ogledal vse razli\u010dice Windows, medtem, ko se pri Linuxu nisem ubadal z vsemi razli\u010dicami in distribucijami.<\/p>\n<p>(izpustil sem litanije o vseh drugih platformah in operacisjkih sistemih s katerimi sem imel stik in s katerimi sem se vsaj malo bolje spoznal. Nekaj jih je na\u0161tetih v mojem rahlo outdated <a href=\"http:\/\/www.lubica.net\/bigwhale\/cv.html\">CV<\/a>ju.)<\/p>\n<p>Skoraj bi lahko trdil, da imam ve\u010d izku\u0161enj z Windows, kot z GNU\/Linuxom. \ud83d\ude09 No ja, ni \u010disto tako. Ve\u010dino razvoja aplikacij sem preselil iz Win na Linux, ker sem bil sit anomalij in traparij, s katerimi se mora povpre\u010dni razvijalec Windows programja ukvarjat.<\/p>\n<p>Dandanes, imam precej dobro predstavo, kako naj bi izgledal operacijski sistem, kako naj bi izgledala hardware platforma, ki poganja ta ali oni operacijski sistem in vem kaj lahko pri\u010dakujem od sistema, ter od platforme. Precej jasni so mi tudi ekonomski pogledi na posamezne re\u0161itve. Ukvarjam se z razvojem programske opreme za Windows, GNU\/Linux, HP-UX, AIX in Solaris, v ve\u010dini &#8216;profesionalno&#8217; na delovnem mestu. Pa tudi doma, ko nisem vezan na trop komercialistov, ki bi radi moj izdelek prodali. Pa naj bo to Windows ali pa GNU\/Linux izdelek.<\/p>\n<p>Torej, z vso upravi\u010denostjo lahko trdim, da je prenekatera te\u017eava, ki se pojavi na Windows plod dela umsko nespretnih dizajnerjev in programerjev. Pa naj bo to nekaj tako preprostega kot je priklop monitorja na ra\u010dunalnik ali pa pisanje programa, ki poi\u0161\u010de nek to\u010dno dolo\u010den proces in ga spremlja.<\/p>\n<p>Ne zato, ker bi mi to omogo\u010dal moj prepotentni ego ampak iz preprostega razloga, zato, ker vem kako dolo\u010dene stvari zgledajo drugje in kako so drugje narejene. Lep\u0161ega razloga, si ne bi mogel \u017eeleti.<\/p>\n<p>Naslednjo trditev, bom pa napisal s kar precej\u0161njim vplivom mojega prepotentnega ega. Torej, pri vsem tem si pa upam trditi, da sem v celi zadevi tudi objektiven. Tudi \u010dez GNU\/Linux bentim, ker je marsikje tako skupaj sestavljen, da bi ga moj stari ata v svoji gara\u017ei lep\u0161e poklepal. V\u010dasih \u010dez Linux bentim \u0161e bolj kot \u010dez Windows. Resni\u010dno.<\/p>\n<p>Uporabljam pa tisto, kar mi v danem trenutku zadosti najve\u010d potreb. Trenutno je to GNU\/Linux.<\/p>\n<p>Amen.<\/p>\n","protected":false},"excerpt":{"rendered":"<p>Tukajle, na tem mestu, bom izpovedal svoje &#8216;sovra\u0161tvo&#8217;. V bistvu to ni neko globoko vkoreninjeno sovra\u0161tvo. Sploh ne vem. \u010de je v resnici sovra\u0161tvo, besedo sem uporabil predvsem zaradi dramati\u010dnosti. V\u010dasih je to potrebno, zgolj zaradi tega, da te ljudje opazijo. Stvar je treba potencirati, druga\u010de gre mimo neopa\u017eena. Pribli\u017eno tako, kot so naslovi v \u010dasopisih napisani z ve\u010djimi \u010drkami. PRECEJ ve\u010djimi. \u010clankov ne bi nih\u010de bral, \u010de ne bi imeli naslovov. \ud83d\ude09 Torej, kje je klju\u010d mojega nezadovoljstva z&#8230;<\/p>\n<p class=\"read-more\"><a class=\"btn btn-default\" href=\"https:\/\/lubica.net\/bigwhale\/blog\/sovrazim-okna\/\"> Read More<span class=\"screen-reader-text\">  Read More<\/span><\/a><\/p>\n","protected":false},"author":2,"featured_media":0,"parent":0,"menu_order":0,"comment_status":"open","ping_status":"closed","template":"","meta":{"footnotes":""},"class_list":["post-336","page","type-page","status-publish","hentry"],"_links":{"self":[{"href":"https:\/\/lubica.net\/bigwhale\/blog\/wp-json\/wp\/v2\/pages\/336","targetHints":{"allow":["GET"]}}],"collection":[{"href":"https:\/\/lubica.net\/bigwhale\/blog\/wp-json\/wp\/v2\/pages"}],"about":[{"href":"https:\/\/lubica.net\/bigwhale\/blog\/wp-json\/wp\/v2\/types\/page"}],"author":[{"embeddable":true,"href":"https:\/\/lubica.net\/bigwhale\/blog\/wp-json\/wp\/v2\/users\/2"}],"replies":[{"embeddable":true,"href":"https:\/\/lubica.net\/bigwhale\/blog\/wp-json\/wp\/v2\/comments?post=336"}],"version-history":[{"count":1,"href":"https:\/\/lubica.net\/bigwhale\/blog\/wp-json\/wp\/v2\/pages\/336\/revisions"}],"predecessor-version":[{"id":1869,"href":"https:\/\/lubica.net\/bigwhale\/blog\/wp-json\/wp\/v2\/pages\/336\/revisions\/1869"}],"wp:attachment":[{"href":"https:\/\/lubica.net\/bigwhale\/blog\/wp-json\/wp\/v2\/media?parent=336"}],"curies":[{"name":"wp","href":"https:\/\/api.w.org\/{rel}","templated":true}]}}