{"id":645,"date":"2006-06-11T17:46:20","date_gmt":"2006-06-11T16:46:20","guid":{"rendered":"http:\/\/www.lubica.net\/bigwhale\/blog\/?page_id=645"},"modified":"2008-02-19T08:52:11","modified_gmt":"2008-02-19T07:52:11","slug":"kako-pisem-kodo","status":"publish","type":"page","link":"https:\/\/lubica.net\/bigwhale\/blog\/kako-pisem-kodo\/","title":{"rendered":"Pisanje kode?"},"content":{"rendered":"<p>Kot je \u017ee marsikdo videl, v nekaterih svojih postih pi\u0161em <em>tako li\u010dno, precej pisano obarvano kodo<\/em> ((<a href=\"http:\/\/blog.igeek.info\/wp-plugins\/igsyntax-hiliter\/\">iG:Syntax Hiliter<\/a>)). Jaka je imel nekaj te\u017eav z objavljanjem njegove kode v komentarjih, zato sem spisal tale ultra quick tutorial kako pisati <em>tako li\u010dno, precej pisano obarvano kodo<\/em>.<\/p>\n<p>Preprosto! Na voljo je ve\u010d jezikov in vsak ima svoj specific tag ((vsekakor brez presledkov za znakom [ )), takole gredo:<\/p>\n<p>[ as] &amp; [\/as] &#8211; Active Script<br \/>\n[ asp] &amp; [\/asp] &#8211; ASP<br \/>\n[ c] &amp; [\/c] &#8211; C<br \/>\n[ cpp] &amp; [\/cpp] &#8211; C++<br \/>\n[ csharp] &amp; [\/csharp] &#8211; C#<br \/>\n[ css] &amp; [\/css] &#8211; CSS<br \/>\n[ delphi] &amp; [\/delphi] &#8211; Delphi<br \/>\n[ html] &amp; [\/html] &#8211; HTML<br \/>\n[ java] &amp; [\/java] &#8211; Java<br \/>\n[ js] &amp; [\/js] &#8211; JavaScript<br \/>\n[ mysql] &amp; [\/mysql] &#8211; MySQL specific<br \/>\n[ perl] &amp; [\/perl] &#8211; Perl<br \/>\n[ php] &amp; [\/php] &#8211; PHP<br \/>\n[ python] &amp; [\/python] &#8211; Python<br \/>\n[ ruby] &amp; [\/ruby] &#8211; Ruby<br \/>\n[ smarty] &amp; [\/smarty] &#8211; Smarty<br \/>\n[ sql] &amp; [\/sql] &#8211; SQL<br \/>\n[ vb] &amp; [\/vb] &#8211; VB Script<br \/>\n[ vbnet] &amp; [\/vbnet] &#8211; VB.NET<br \/>\n[ xml] &amp; [\/xml] &#8211; XML<br \/>\n[ code] &amp; [\/code] &#8211; Generic (none of the above)<\/p>\n<p>Vsekakor bodite pozorni, da ozna\u010dite tako za\u010detek kot tudi konec kode! Druga\u010de bom hud, hud, hud. \ud83d\ude09<\/p>\n","protected":false},"excerpt":{"rendered":"<p>Kot je \u017ee marsikdo videl, v nekaterih svojih postih pi\u0161em tako li\u010dno, precej pisano obarvano kodo ((iG:Syntax Hiliter)). Jaka je imel nekaj te\u017eav z objavljanjem njegove kode v komentarjih, zato sem spisal tale ultra quick tutorial kako pisati tako li\u010dno, precej pisano obarvano kodo. Preprosto! Na voljo je ve\u010d jezikov in vsak ima svoj specific tag ((vsekakor brez presledkov za znakom [ )), takole gredo: [ as] &amp; [\/as] &#8211; Active Script [ asp] &amp; [\/asp] &#8211; ASP [ c]&#8230;<\/p>\n<p class=\"read-more\"><a class=\"btn btn-default\" href=\"https:\/\/lubica.net\/bigwhale\/blog\/kako-pisem-kodo\/\"> Read More<span class=\"screen-reader-text\">  Read More<\/span><\/a><\/p>\n","protected":false},"author":2,"featured_media":0,"parent":0,"menu_order":0,"comment_status":"open","ping_status":"open","template":"","meta":{"footnotes":""},"class_list":["post-645","page","type-page","status-publish","hentry"],"_links":{"self":[{"href":"https:\/\/lubica.net\/bigwhale\/blog\/wp-json\/wp\/v2\/pages\/645","targetHints":{"allow":["GET"]}}],"collection":[{"href":"https:\/\/lubica.net\/bigwhale\/blog\/wp-json\/wp\/v2\/pages"}],"about":[{"href":"https:\/\/lubica.net\/bigwhale\/blog\/wp-json\/wp\/v2\/types\/page"}],"author":[{"embeddable":true,"href":"https:\/\/lubica.net\/bigwhale\/blog\/wp-json\/wp\/v2\/users\/2"}],"replies":[{"embeddable":true,"href":"https:\/\/lubica.net\/bigwhale\/blog\/wp-json\/wp\/v2\/comments?post=645"}],"version-history":[{"count":0,"href":"https:\/\/lubica.net\/bigwhale\/blog\/wp-json\/wp\/v2\/pages\/645\/revisions"}],"wp:attachment":[{"href":"https:\/\/lubica.net\/bigwhale\/blog\/wp-json\/wp\/v2\/media?parent=645"}],"curies":[{"name":"wp","href":"https:\/\/api.w.org\/{rel}","templated":true}]}}